{"id":14939,"date":"2022-12-09T12:02:07","date_gmt":"2022-12-09T17:02:07","guid":{"rendered":"https:\/\/staging.functional-strength.academy\/?page_id=14939"},"modified":"2024-09-18T19:24:21","modified_gmt":"2024-09-18T23:24:21","slug":"accueil","status":"publish","type":"page","link":"https:\/\/staging.functional-strength.academy\/fr\/","title":{"rendered":"Accueil"},"content":{"rendered":"\r\n\r\n\t\t<h1>\r\n\t\t\tNOUS PROPULSONS LA PROCHAINE G\u00c9N\u00c9RATION D&#8217;ENTRA\u00ceNEURS PRIV\u00c9S\r\n\t\t<\/h1>\r\n\t\t\t<h3>Devenez la r\u00e9f\u00e9rence en entra\u00eenement gr\u00e2ce \u00e0 des formations compl\u00e8tes<\/h3>\t\t\r\n\t\t\t<a href=\"https:\/\/staging.functional-strength.academy\/fr\/certification-entraineur-prive\/\" target=\"_self\" rel=\"noopener\">\r\n\t\t\t\t\t\tEN SAVOIR PLUS\r\n\t\t\t\t\t<\/a>\r\n\t\t<h2>\r\n\t\t\tD\u00e9couvrez la formation qui vous convient\r\n\t\t\t\t\t\t\t\t\t\t\tet profitez de l&#8217;expertise d&#8217;une acad\u00e9mie de renomm\u00e9e internationale\r\n\t\t<\/h2>\r\n\t\t<h2>\r\n\t\t\tFormation pour devenir entra\u00eeneur priv\u00e9\r\n\t\t<\/h2>\r\n\t\t\t<a href=\"https:\/\/staging.functional-strength.academy\/fr\/certification-entraineur-prive\/\" target=\"_self\" rel=\"noopener\">\r\n\t\t\t\t\t\tEN SAVOIR PLUS\r\n\t\t\t\t\t<\/a>\r\n\t\t<h2>\r\n\t\t\t\t\t\t\t<a href=\"https:\/\/staging.functional-strength.academy\/cqp-instructeur-fitness\/\" target=\"_self\" rel=\"noopener\">\r\n\t\t\tFondamentaux de la mobilit\u00e9\r\n\t\t\t\t\t\t\t\t\t\t\t&#8211; Rehab-U\r\n\t\t\t\t\t\t\t<\/a>\r\n\t\t<\/h2>\r\n\t\t\t<a href=\"https:\/\/staging.functional-strength.academy\/cqp-instructeur-fitness\/\" target=\"_self\" rel=\"noopener\">\r\n\t\t\t\t\t\tEN SAVOIR PLUS\r\n\t\t\t\t\t<\/a>\r\n\t\t<h2>\r\n\t\t\tCertification Optimisation du Mouvement\r\n\t\t\t\t\t\t\t\t\t\t\t&#8211; Rehab-U\r\n\t\t<\/h2>\r\n\t\t\t<a href=\"https:\/\/staging.functional-strength.academy\/certification-rehabu\/\" target=\"_self\" rel=\"noopener\">\r\n\t\t\t\t\t\tEN SAVOIR PLUS\r\n\t\t\t\t\t<\/a>\r\n\t<p><strong>Functional Strength Academy vous permet d&#8217;acc\u00e9l\u00e9rer votre carri\u00e8re en entra\u00eenement<\/strong><\/p>\r\n<p>Nous vous transmettons les connaissances et le savoir-faire dont vous avez besoin pour r\u00e9ussir et vous supportons dans le d\u00e9veloppement de votre carri\u00e8re avec de la formation continue en partenariat avec Rehab-U Movement &amp; Performance Therapy.<\/p>\r\n<p>&nbsp;<\/p>\r\n\t\t\t\t<img loading=\"lazy\" decoding=\"async\" src=\"https:\/\/staging.functional-strength.academy\/wp-content\/uploads\/2022\/11\/shutterstock_1126810739-scaled.jpg\" alt=\"Shot,Of,A,Young,Couple,Working,Out,At,The,Gym\" itemprop=\"image\" height=\"1707\" width=\"2560\" title=\"Shot,Of,A,Young,Couple,Working,Out,At,The,Gym\" onerror=\"this.style.display='none'\"  \/>\r\n\t\t<h2>\r\n\t\t\tPourquoi d\u00e9buter une carri\u00e8re dans le domaine de l&#8217;entra\u00eenement?\r\n\t\t<\/h2>\r\n\t\t<ul>\r\n\t\t\t\t\t<li>\r\n\t\t\t\t\t\t\t\t\t\t\t<img decoding=\"async\" src=\"https:\/\/staging.functional-strength.academy\/wp-content\/uploads\/2022\/11\/checked-list.png\" alt=\"checked-list\" role=\"presentation\" \/>\r\n\t\t\t\t<h3>VIVRE DE VOTRE PASSION<\/h3>\r\n\t\t<p>Soyez passionn\u00e9 par ce que vous faites tout en progressant et en vous am\u00e9liorant.<\/p>\t\t\t\r\n\t\t\t<\/li>\r\n\t\t\t\t\t<li>\r\n\t\t\t\t\t\t\t\t\t\t\t<img decoding=\"async\" src=\"https:\/\/staging.functional-strength.academy\/wp-content\/uploads\/2022\/11\/checked-list.png\" alt=\"checked-list\" role=\"presentation\" \/>\r\n\t\t\t\t<h3>PROFITER D&#8217;UNE PROFESSION EN CROISSANCE<\/h3>\r\n\t\t<p>Occupez un r\u00f4le important dans le domaine de la sant\u00e9 : celui d&#8217;assurer que vos clients reprennent leur forme physique en main.<\/p>\t\t\t\r\n\t\t\t<\/li>\r\n\t\t\t\t\t<li>\r\n\t\t\t\t\t\t\t\t\t\t\t<img decoding=\"async\" src=\"https:\/\/staging.functional-strength.academy\/wp-content\/uploads\/2022\/11\/checked-list.png\" alt=\"checked-list\" role=\"presentation\" \/>\r\n\t\t\t\t<h3>FAIRE UNE DIFF\u00c9RENCE<\/h3>\r\n\t\t<p>Vous ferez la diff\u00e9rence dans la vie de vos clients en leur assurant une source de motivation, des conseils, et un programme personnalis\u00e9.<\/p>\t\t\t\r\n\t\t\t<\/li>\r\n\t\t\t\t\t<li>\r\n\t\t\t\t\t\t\t\t\t\t\t<img decoding=\"async\" src=\"https:\/\/staging.functional-strength.academy\/wp-content\/uploads\/2022\/11\/checked-list.png\" alt=\"checked-list\" role=\"presentation\" \/>\r\n\t\t\t\t<h3>AVOIR UN HORAIRE FLEXIBLE<\/h3>\r\n\t\t<p>Vous pourrez choisir les moments dans la journ\u00e9e qui vous conviennent le mieux pour prendre vos rendez-vous et rencontrer vos clients.<\/p>\t\t\t\r\n\t\t\t<\/li>\r\n\t\t\t\t\t<li>\r\n\t\t\t\t\t\t\t\t\t\t\t<img decoding=\"async\" src=\"https:\/\/staging.functional-strength.academy\/wp-content\/uploads\/2022\/11\/checked-list.png\" alt=\"checked-list\" role=\"presentation\" \/>\r\n\t\t\t\t<h3>FAIRE PARTIE D&#8217;UNE COMMUNAUT\u00c9 DE PASSIONN\u00c9S<\/h3>\r\n\t\t<p>Rencontrez d&#8217;autres passionn\u00e9s de l&#8217;entra\u00eenement et d\u00e9veloppez votre propre communaut\u00e9 pour inspirer vos pairs.<\/p>\t\t\t\r\n\t\t\t<\/li>\r\n\t\t\t\t<\/ul>\r\n\t\t\t<a href=\"https:\/\/staging.functional-strength.academy\/fr\/certification-entraineur-prive\/\" target=\"_self\" rel=\"noopener\">\r\n\t\t\t\t\t\tJE D\u00c9BUTE MA NOUVELLE CARRI\u00c8RE\r\n\t\t\t\t\t<\/a>\r\n\t\t<h2>\r\n\t\t\tVotre parcours chez\r\n\t\t\t\t\t\t\t\t\t\t\tFunctional Strength Academy \r\n\t\t<\/h2>\r\n\t\t\t\t<img loading=\"lazy\" decoding=\"async\" src=\"https:\/\/staging.functional-strength.academy\/wp-content\/uploads\/2023\/12\/FSA-Accueil_EtapesV2EN.png\" alt=\"FSA-Accueil_EtapesV2EN\" itemprop=\"image\" height=\"594\" width=\"1358\" title=\"FSA-Accueil_EtapesV2EN\" onerror=\"this.style.display='none'\"  \/>\r\n\t\t\t\t<img loading=\"lazy\" decoding=\"async\" src=\"https:\/\/staging.functional-strength.academy\/wp-content\/uploads\/2023\/12\/TJA-Accueil_Icone_Plan-de-travail-1-04_Plan-de-travail-1-04.png\" alt=\"TJA-Accueil_Icone_Plan de travail 1-04_Plan de travail 1-04\" itemprop=\"image\" height=\"626\" width=\"625\" title=\"TJA-Accueil_Icone_Plan de travail 1-04_Plan de travail 1-04\" onerror=\"this.style.display='none'\"  \/>\r\n\t\t<h2>\r\n\t\t\t Formation 100% en ligne\r\n\t\t<\/h2>\r\n\t\t\t<p>Profitez de tous les avantages de la formation en ligne en la compl\u00e9tant \u00e0 votre propre rythme gr\u00e2ce \u00e0 votre acc\u00e8s \u00e0 vie<\/p>\t\t\r\n\t\t\t\t<img loading=\"lazy\" decoding=\"async\" src=\"https:\/\/staging.functional-strength.academy\/wp-content\/uploads\/2023\/12\/TJA-Accueil_Icones_Plan-de-travail-1-06.png\" alt=\"TJA-Accueil_Icones_Plan de travail 1-06\" itemprop=\"image\" height=\"626\" width=\"626\" title=\"TJA-Accueil_Icones_Plan de travail 1-06\" onerror=\"this.style.display='none'\"  \/>\r\n\t\t<h2>\r\n\t\t\tcertificat\r\n\t\t<\/h2>\r\n\t\t\t<p>Obtenez votre certificat de r\u00e9ussite qui d\u00e9montrera l&#8217;expertise que vous avez acquise<\/p>\t\t\r\n\t\t\t\t<img loading=\"lazy\" decoding=\"async\" src=\"https:\/\/staging.functional-strength.academy\/wp-content\/uploads\/2023\/12\/TJA-Accueil_Icones_Plan-de-travail-1-05.png\" alt=\"TJA-Accueil_Icones_Plan de travail 1-05\" itemprop=\"image\" height=\"626\" width=\"626\" title=\"TJA-Accueil_Icones_Plan de travail 1-05\" onerror=\"this.style.display='none'\"  \/>\r\n\t\t<h2>\r\n\t\t\tcommunaut\u00e9\r\n\t\t<\/h2>\r\n\t\t\t<p>B\u00e9n\u00e9ficiez du soutien de vos formateurs et de vos pairs pour faciliter votre apprentissage et votre d\u00e9veloppement<\/p>\t\t\r\n\t\t<h2>\r\n\t\t\tVotre directrice p\u00e9dagogique\r\n\t\t<\/h2>\r\n\t\t\t\t<img loading=\"lazy\" decoding=\"async\" src=\"https:\/\/staging.functional-strength.academy\/wp-content\/uploads\/2022\/11\/TJA-Accueil-Formateur-Mai.png\" alt=\"TJA-Accueil-Formateur-Mai\" itemprop=\"image\" height=\"500\" width=\"500\" title=\"TJA-Accueil-Formateur-Mai\" onerror=\"this.style.display='none'\"  \/>\r\n\t\t<h3>\r\n\t\t\tMai-Linh Dovan, M.Sc., CAT(C)\r\n\t\t<\/h3>\r\n\t\t\t<p>Mai-Linh Dovan est th\u00e9rapeute du sport agr\u00e9\u00e9e et une experte de l&#8217;industrie en mati\u00e8re de r\u00e9adaptation fonctionnelle. Elle est titulaire d&#8217;un baccalaur\u00e9at en Th\u00e9rapie du sport et d&#8217;une ma\u00eetrise en Sciences de l&#8217;exercice de l&#8217;Universit\u00e9 Concordia, o\u00f9 elle a travaill\u00e9 en collaboration avec le D\u00e9partement de psychologie et le Centre de recherche en d\u00e9veloppement humain.\u00a0 Elle enseigne actuellement la r\u00e9athl\u00e9tisation en th\u00e9rapie du sport dans le d\u00e9partement des Sciences de l&#8217;activit\u00e9 physique de l&#8217;Universit\u00e9 du Qu\u00e9bec \u00e0 Trois-Rivi\u00e8res.<\/p>\t\t\r\n\t\t\t\t<img loading=\"lazy\" decoding=\"async\" src=\"https:\/\/staging.functional-strength.academy\/wp-content\/uploads\/2023\/12\/20231203_153115-1-scaled.jpg\" alt=\"20231203_153115\" itemprop=\"image\" height=\"2560\" width=\"1920\" title=\"20231203_153115\" onerror=\"this.style.display='none'\"  \/>\r\n\t\t\t\t<img loading=\"lazy\" decoding=\"async\" src=\"https:\/\/staging.functional-strength.academy\/wp-content\/uploads\/2022\/11\/TJA-CertificationRehab_Temoignage6FR.gif\" alt=\"TJA-CertificationRehab_Temoignage6FR\" itemprop=\"image\" height=\"294\" width=\"294\" title=\"TJA-CertificationRehab_Temoignage6FR\" onerror=\"this.style.display='none'\"  \/>\r\n\t\t\t\t<img loading=\"lazy\" decoding=\"async\" src=\"https:\/\/staging.functional-strength.academy\/wp-content\/uploads\/2023\/12\/20231203_154557-scaled.jpg\" alt=\"20231203_154557\" itemprop=\"image\" height=\"2560\" width=\"1920\" title=\"20231203_154557\" onerror=\"this.style.display='none'\"  \/>\r\n\t\t\t\t<img loading=\"lazy\" decoding=\"async\" src=\"https:\/\/staging.functional-strength.academy\/wp-content\/uploads\/2023\/12\/20231203_154353-scaled.jpg\" alt=\"20231203_154353\" itemprop=\"image\" height=\"2560\" width=\"1920\" title=\"20231203_154353\" onerror=\"this.style.display='none'\"  \/>\r\n\t\t\t\t<img loading=\"lazy\" decoding=\"async\" src=\"https:\/\/staging.functional-strength.academy\/wp-content\/uploads\/2023\/12\/20231203_153645-scaled.jpg\" alt=\"20231203_153645\" itemprop=\"image\" height=\"2560\" width=\"1920\" title=\"20231203_153645\" onerror=\"this.style.display='none'\"  \/>\r\n\t\t\t\t<img loading=\"lazy\" decoding=\"async\" src=\"https:\/\/staging.functional-strength.academy\/wp-content\/uploads\/2023\/12\/LOGO_FOND_BLANC.png\" alt=\"LOGO_FOND_BLANC\" itemprop=\"image\" height=\"1038\" width=\"1037\" title=\"LOGO_FOND_BLANC\" onerror=\"this.style.display='none'\"  \/>\r\n\t\t\t\t<img loading=\"lazy\" decoding=\"async\" src=\"https:\/\/staging.functional-strength.academy\/wp-content\/uploads\/2023\/12\/20231203_153331-scaled.jpg\" alt=\"20231203_153331\" itemprop=\"image\" height=\"2560\" width=\"1920\" title=\"20231203_153331\" onerror=\"this.style.display='none'\"  \/>\r\n\t\t\t\t<img loading=\"lazy\" decoding=\"async\" src=\"https:\/\/staging.functional-strength.academy\/wp-content\/uploads\/2022\/11\/TJA-CertificationRehab_Temoignage4FR.gif\" alt=\"TJA-CertificationRehab_Temoignage4FR\" itemprop=\"image\" height=\"294\" width=\"294\" title=\"TJA-CertificationRehab_Temoignage4FR\" onerror=\"this.style.display='none'\"  \/>\r\n\t\t\t\t<img loading=\"lazy\" decoding=\"async\" src=\"https:\/\/staging.functional-strength.academy\/wp-content\/uploads\/2023\/12\/20231203_153016-scaled.jpg\" alt=\"20231203_153016\" itemprop=\"image\" height=\"2560\" width=\"1920\" title=\"20231203_153016\" onerror=\"this.style.display='none'\"  \/>\r\n\t\t\t\t<img loading=\"lazy\" decoding=\"async\" src=\"https:\/\/staging.functional-strength.academy\/wp-content\/uploads\/2022\/11\/TJA-CertificationRehab_Temoignage2FR.gif\" alt=\"TJA-CertificationRehab_Temoignage2FR\" itemprop=\"image\" height=\"294\" width=\"294\" title=\"TJA-CertificationRehab_Temoignage2FR\" onerror=\"this.style.display='none'\"  \/>\r\n\t\t\t\t<img loading=\"lazy\" decoding=\"async\" src=\"https:\/\/staging.functional-strength.academy\/wp-content\/uploads\/2023\/12\/20231203_154400-scaled.jpg\" alt=\"20231203_154400\" itemprop=\"image\" height=\"2560\" width=\"1920\" title=\"20231203_154400\" onerror=\"this.style.display='none'\"  \/>\r\n\t\t<h2>\r\n\t\t\tBlogue\r\n\t\t<\/h2>\r\n\t\t\t\t<img loading=\"lazy\" decoding=\"async\" src=\"https:\/\/staging.functional-strength.academy\/wp-content\/uploads\/2023\/12\/FSA-Accueil-WebinaireEntrainement1.png\" alt=\"FSA-Accueil-WebinaireEntrainement1\" itemprop=\"image\" height=\"734\" width=\"877\" title=\"FSA-Accueil-WebinaireEntrainement1\" onerror=\"this.style.display='none'\"  \/>\r\n\t\t<h2>\r\n\t\t\tPassionn\u00e9 de l&#8217;entra\u00eenement, fais de ta passion ta profession\r\n\t\t<\/h2>\r\n\t\t\t<p>Atelier gratuit pour les passionn\u00e9s qui veulent devenir entra\u00eeneurs priv\u00e9s<\/p>\t\t\r\n\t\t\t<a href=\"https:\/\/staging.functional-strength.academy\/fr\/webinaire-gratuit\/\" target=\"_self\" rel=\"noopener\">\r\n\t\t\t\t\t\tJE M&#8217;INSCRIS\r\n\t\t\t\t\t<\/a>\r\n\t\t<h2>\r\n\t\t\tDes questions sur l&#8217;une des formations?\r\n\t\t<\/h2>\r\n                <form method='post' enctype='multipart\/form-data' target='gform_ajax_frame_2' id='gform_2'  action='\/fr\/?fl_builder#gf_2' data-formid='2' novalidate><input id=\"input_c599f72f82d4a850e820b72105c86b2f\" type=\"hidden\" name=\"input_c599f72f82d4a850e820b72105c86b2f\" value=\"\"\/>\r\n                        <fieldset id=\"field_2_1\"  data-js-reload=\"field_2_1\"><legend class='gfield_label gform-field-label gfield_label_before_complex'>Nom<\/legend>\r\n                                                    <input type='text' name='input_1.3' id='input_2_1_3' value='' tabindex='102'  aria-required='false'   placeholder='Pr\u00e9nom'  \/>\r\n                                                    <label for='input_2_1_3' class='gform-field-label gform-field-label--type-sub hidden_sub_label screen-reader-text'>Pr\u00e9nom<\/label>\r\n                                                    <input type='text' name='input_1.6' id='input_2_1_6' value='' tabindex='104'  aria-required='false'   placeholder='Nom'  \/>\r\n                                                    <label for='input_2_1_6' class='gform-field-label gform-field-label--type-sub hidden_sub_label screen-reader-text'>Nom<\/label>\r\n                        <\/fieldset><label class='gfield_label gform-field-label' for='input_2_3'>E-mail<\/label>\r\n                            <input name='input_3' id='input_2_3' type='email' value='' class='large' tabindex='106'  placeholder='E-mail'  aria-invalid=\"false\"  \/>\r\n                        <label class='gfield_label gform-field-label' for='input_2_4'>T\u00e9l\u00e9phone<\/label><input name='input_4' id='input_2_4' type='tel' value='' class='large' tabindex='107' placeholder='T\u00e9l\u00e9phone'  aria-invalid=\"false\"   \/><label class='gfield_label gform-field-label' for='input_2_5'>Formation souhait\u00e9e<\/label><select name='input_5' id='input_2_5' class='large gfield_select' tabindex='108'    aria-invalid=\"false\"><option value='Certified Personal Trainer Certification'>Certified Personal Trainer Certification<\/option><option value='Mobility Fundamentals Course - Rehab-U'>Mobility Fundamentals Course &#8211; Rehab-U<\/option><option value='Movement Optimization Certification - Rehab-U'>Movement Optimization Certification &#8211; Rehab-U<\/option><\/select><label class='gfield_label gform-field-label' for='input_2_7'>Message<\/label><textarea name='input_7' id='input_2_7' class='textarea medium' tabindex='109'   placeholder='Message'  aria-invalid=\"false\"   rows='10' cols='50'><\/textarea><p>Ce site est prot\u00e9g\u00e9 par reCAPTCHA. La <a href=\"https:\/\/policies.google.com\/privacy\" target=\"_blank\" rel=\"noopener\">Privacy Policy<\/a> ainsi que les <a href=\"https:\/\/policies.google.com\/terms\" target=\"_blank\" rel=\"noopener\">Terms of Service<\/a> de Google s&#8217;appliquent.<\/p>\r\n         <input type='submit' id='gform_submit_button_2' class='gform_button button' value='Envoyer' tabindex='110' onclick='if(window[\"gf_submitting_2\"]){return false;}  if( !jQuery(\"#gform_2\")[0].checkValidity || jQuery(\"#gform_2\")[0].checkValidity()){window[\"gf_submitting_2\"]=true;}  ' onkeypress='if( event.keyCode == 13 ){ if(window[\"gf_submitting_2\"]){return false;} if( !jQuery(\"#gform_2\")[0].checkValidity || jQuery(\"#gform_2\")[0].checkValidity()){window[\"gf_submitting_2\"]=true;}  jQuery(\"#gform_2\").trigger(\"submit\",[true]); }' \/> <input type='hidden' name='gform_ajax' value='form_id=2&amp;title=&amp;description=&amp;tabindex=100&amp;theme=gravity-theme' \/>\r\n            <input type='hidden' class='gform_hidden' name='is_submit_2' value='1' \/>\r\n            <input type='hidden' class='gform_hidden' name='gform_submit' value='2' \/>\r\n            <input type='hidden' class='gform_hidden' name='gform_unique_id' value='' \/>\r\n            <input type='hidden' class='gform_hidden' name='state_2' value='WyJbXSIsImMyMjY2NGUwMGY4MzJjMjgwZDYxNDNkYWJjMTlkNTIzIl0=' \/>\r\n            <input type='hidden' class='gform_hidden' name='gform_target_page_number_2' id='gform_target_page_number_2' value='0' \/>\r\n            <input type='hidden' class='gform_hidden' name='gform_source_page_number_2' id='gform_source_page_number_2' value='1' \/>\r\n            <input type='hidden' name='gform_field_values' value='' \/>\r\n                        <\/form>\r\n\t\t                <iframe style='display:none;width:0px;height:0px;' src='about:blank' name='gform_ajax_frame_2' id='gform_ajax_frame_2' title='Cette iframe contient la logique n\u00e9cessaire pour manipuler Gravity Forms avec Ajax.'><\/iframe>\r\n\r\n","protected":false},"excerpt":{"rendered":"<p>NOUS PROPULSONS LA PROCHAINE G\u00c9N\u00c9RATION D&#8217;ENTRA\u00ceNEURS PRIV\u00c9S Devenez la r\u00e9f\u00e9rence en entra\u00eenement gr\u00e2ce \u00e0 des formations compl\u00e8tes EN SAVOIR PLUS D\u00e9couvrez la formation qui vous&hellip;<\/p>\n","protected":false},"author":1,"featured_media":16214,"parent":0,"menu_order":0,"comment_status":"closed","ping_status":"closed","template":"page-fullwidth-content.php","meta":{"_acf_changed":false,"inline_featured_image":false,"footnotes":""},"class_list":["post-14939","page","type-page","status-publish","has-post-thumbnail","hentry"],"acf":[],"_links":{"self":[{"href":"https:\/\/staging.functional-strength.academy\/fr\/wp-json\/wp\/v2\/pages\/14939","targetHints":{"allow":["GET"]}}],"collection":[{"href":"https:\/\/staging.functional-strength.academy\/fr\/wp-json\/wp\/v2\/pages"}],"about":[{"href":"https:\/\/staging.functional-strength.academy\/fr\/wp-json\/wp\/v2\/types\/page"}],"author":[{"embeddable":true,"href":"https:\/\/staging.functional-strength.academy\/fr\/wp-json\/wp\/v2\/users\/1"}],"replies":[{"embeddable":true,"href":"https:\/\/staging.functional-strength.academy\/fr\/wp-json\/wp\/v2\/comments?post=14939"}],"version-history":[{"count":5,"href":"https:\/\/staging.functional-strength.academy\/fr\/wp-json\/wp\/v2\/pages\/14939\/revisions"}],"predecessor-version":[{"id":19711,"href":"https:\/\/staging.functional-strength.academy\/fr\/wp-json\/wp\/v2\/pages\/14939\/revisions\/19711"}],"wp:featuredmedia":[{"embeddable":true,"href":"https:\/\/staging.functional-strength.academy\/fr\/wp-json\/wp\/v2\/media\/16214"}],"wp:attachment":[{"href":"https:\/\/staging.functional-strength.academy\/fr\/wp-json\/wp\/v2\/media?parent=14939"}],"curies":[{"name":"wp","href":"https:\/\/api.w.org\/{rel}","templated":true}]}}