{"id":18066,"date":"2024-01-18T13:32:21","date_gmt":"2024-01-18T18:32:21","guid":{"rendered":"https:\/\/staging.functional-strength.academy\/?page_id=18066"},"modified":"2024-09-18T19:26:39","modified_gmt":"2024-09-18T23:26:39","slug":"certification-entraineur-prive","status":"publish","type":"page","link":"https:\/\/staging.functional-strength.academy\/fr\/certification-entraineur-prive\/","title":{"rendered":"Certification entra\u00eeneur priv\u00e9"},"content":{"rendered":"\r\n<p><img decoding=\"async\" src=\"https:\/\/staging.functional-strength.academy\/wp-content\/uploads\/2023\/12\/FSA-BadgeEN-01-300x300.png\" alt=\"CERTIFICATION POUR DEVENIR ENTRA\u00ceNEUR PRIV\u00c9\" \/><\/p>\r\n<h1>CERTIFICATION POUR DEVENIR ENTRA\u00ceNEUR PRIV\u00c9<\/h1>\r\n<p>TU ES PASSIONN\u00c9 PAR L&#8217;ENTRA\u00ceNEMENT ET TU VEUX FAIRE CARRI\u00c8RE DANS LE DOMAINE?<\/p>\r\n<p><a href=\"#inscription\" target=\"_self\" rel=\"noopener\"> OUI! JE VEUX DEVENIR UN ENTRA\u00ceNEUR QUALIFI\u00c9 <\/a><\/p>\r\n<h2>Cette certification est pour toi<\/h2>\r\n<p>En compl\u00e9tant ta certification FSA, tu seras un entra\u00eeneur comp\u00e9tent et bien outill\u00e9 pour aider tes tout premiers clients.Tu ma\u00eetriseras les fondamentaux de l&#8217;entra\u00eenement et la conception de programmes personnalis\u00e9s.La profession est en pleine croissance. Saisis l&#8217;opportunit\u00e9 de vivre de ta passion et fais la diff\u00e9rence dans la vie de tes (futurs) clients en rejoignant la Functional Strength Academy.<strong>Ta nouvelle carri\u00e8re t&#8217;attend!<\/strong><\/p>\r\n<ul>\r\n<li><img decoding=\"async\" role=\"presentation\" src=\"https:\/\/staging.functional-strength.academy\/wp-content\/uploads\/2022\/11\/checked-list.png\" alt=\"checked-list\" \/>\r\n<p><strong>Type de formation:<\/strong> 100% en ligne et \u00e0 ton propre rythme (Acc\u00e8s \u00e0 vie)<\/p>\r\n<\/li>\r\n<li><img decoding=\"async\" role=\"presentation\" src=\"https:\/\/staging.functional-strength.academy\/wp-content\/uploads\/2022\/11\/checked-list.png\" alt=\"checked-list\" \/> <strong>Format:<\/strong> 50 heures vid\u00e9o + Q&amp;A en direct<br \/>*enregistrement disponible et acc\u00e8s \u00e0 vie<\/li>\r\n<li><img decoding=\"async\" role=\"presentation\" src=\"https:\/\/staging.functional-strength.academy\/wp-content\/uploads\/2022\/11\/checked-list.png\" alt=\"checked-list\" \/>\r\n<p><strong>Acquis suite \u00e0 la formation:<\/strong> Certificat Entra\u00eeneur priv\u00e9<\/p>\r\n<\/li>\r\n<\/ul>\r\n<p><a href=\"#inscription\" target=\"_self\" rel=\"noopener\"> JE M&#8217;INSCRIS! <\/a> <img loading=\"lazy\" decoding=\"async\" title=\"FSA-CertificationPriveQc_Certification2FR\" src=\"https:\/\/staging.functional-strength.academy\/wp-content\/uploads\/2023\/12\/FSA-CertificationPriveQc_Certification2FR.png\" alt=\"FSA-CertificationPriveQc_Certification2FR\" width=\"800\" height=\"786\" \/><\/p>\r\n<h2>Programme<\/h2>\r\n<p>MODULE 1 &#8211;<br \/>Concepts th\u00e9oriques essentiels<\/p>\r\n<p>Le\u00e7on 1 &#8211; Le syst\u00e8me squelettique: description des os et des articulations<\/p>\r\n<p>Le\u00e7on 2 &#8211; Plans de mouvement anatomiques et termes directionnels<\/p>\r\n<p>Le\u00e7on 3 &#8211; Le syst\u00e8me musculaire: origines, insertions et actions PARTIE 1 &#8211; Haut du corps<\/p>\r\n<p>Le\u00e7on 3B &#8211; Le syst\u00e8me musculaire: origines, insertions et actions PARTIE 2 &#8211; Bas du corps<\/p>\r\n<p>Le\u00e7on 4 &#8211; Le syst\u00e8me neuromusculaire : anatomie fonctionnelle, syst\u00e8me nerveux et proprioception<\/p>\r\n<p>Le\u00e7on 5 &#8211; Le syst\u00e8me cardiorespiratoire<\/p>\r\n<p>Le\u00e7on 6 &#8211; M\u00e9tabolisme et bio\u00e9nerg\u00e9tique de l&#8217;exercice<\/p>\r\n<p>Le\u00e7on 7 &#8211; Le syst\u00e8me hormonal: hormones de l&#8217;entra\u00eenement et diff\u00e9rences entre les genres<\/p>\r\n<p>MODULE 2 &#8211;<br \/>La science du mouvement humain<\/p>\r\n<p>Le\u00e7on 1 &#8211; Fondamentaux de la mobilit\u00e9 : amplitude de mouvement, contr\u00f4le moteur et force<\/p>\r\n<p>Le\u00e7on 2 &#8211; Analyse posturale, mouvement humain et apprentissage moteur<\/p>\r\n<p>Le\u00e7on 3 &#8211; Physiologie musculaire: types, propri\u00e9t\u00e9s et organisation des muscles<\/p>\r\n<p>Le\u00e7on 4 &#8211; Typologie des fibres musculaires et recrutement moteur<\/p>\r\n<p>Le\u00e7on 5 &#8211; Les r\u00e9gimes de contraction musculaire: isom\u00e9triques, concentriques, excentriques<\/p>\r\n<p>Le\u00e7on 6 &#8211; Les objectifs de l&#8217;\u00e9chauffement<\/p>\r\n<p>MODULE 3 &#8211;<br \/>L&#8217;\u00e9valuation fonctionnelle<\/p>\r\n<p>Le\u00e7on 1 &#8211; La fonction et le mouvement du complexe de l&#8217;\u00e9paule : fonction gl\u00e9nohum\u00e9rale et scapulothoracique<\/p>\r\n<p>Le\u00e7on 2 &#8211; PRATIQUE: \u00c9valuation du complexe de l&#8217;\u00e9paule<\/p>\r\n<p>Le\u00e7on 2B &#8211; Flexibilit\u00e9 pour le complexe de l&#8217;\u00e9paule<\/p>\r\n<p>Le\u00e7on 3 &#8211; La fonction et le mouvement du complexe de la hanche : fonction lombopelvienne et pelvif\u00e9morale<\/p>\r\n<p>Le\u00e7on 4 &#8211; PRATIQUE: \u00c9valuation du complexe de la hanche<\/p>\r\n<p>Le\u00e7on 4B &#8211; Flexibilit\u00e9 pour le complexe de la hanche<\/p>\r\n<p>Le\u00e7on 5 &#8211; Le complexe pied-cheville: absorption, stabilit\u00e9, propulsion<\/p>\r\n<p>Le\u00e7on 6 &#8211; La fonction des muscles du noyau: diaphragme, plancher pelvien et gainage<\/p>\r\n<p>MODULE 4 &#8211;<br \/>La biom\u00e9canique de l&#8217;entra\u00eenement<\/p>\r\n<p>Le\u00e7on 1 &#8211; La chaine cin\u00e9tique et les syst\u00e8mes de leviers<\/p>\r\n<p>Le\u00e7on 2 &#8211; La stabilit\u00e9 en entra\u00eenement<\/p>\r\n<p>Le\u00e7on 3 &#8211; Le r\u00e9pertoire gestuel: mouvement et patrons moteurs<\/p>\r\n<p>Le\u00e7on 4 &#8211; Les \u00e9l\u00e9ments techniques d&#8217;ex\u00e9cution globale: respiration \u00e0 l&#8217;effort, prise, positionnement<\/p>\r\n<p>MODULE 5 &#8211;<br \/>La ma\u00eetrise technique des mouvements fonctionnels<\/p>\r\n<p>Le\u00e7on 1 &#8211; Le squat et les variantes de squat<\/p>\r\n<p>Le\u00e7on 2 &#8211; Le soulev\u00e9 de terre et les variantes de soulev\u00e9 de terre<\/p>\r\n<p>Le\u00e7on 3 &#8211; Les variantes de mouvements unilat\u00e9raux pour le bas du corps<\/p>\r\n<p>Le\u00e7on 4 &#8211; Exercices de pouss\u00e9e et tirage \u00e0 l&#8217;horizontale<\/p>\r\n<p>Le\u00e7on 5 &#8211; Exercices de pouss\u00e9e et tirage \u00e0 la verticale<\/p>\r\n<p>Le\u00e7on 6 &#8211; Exercices accessoires<\/p>\r\n<p>Le\u00e7on 7 &#8211; Exercices du core et ports de charge<\/p>\r\n<p>MODULE 6 &#8211;<br \/>Les bases de la programmation<\/p>\r\n<p>Le\u00e7on 1 &#8211; Les variables et les param\u00e8tres de l&#8217;entra\u00eenement: volume, intensit\u00e9, s\u00e9ries, r\u00e9p\u00e9titions, tempo, temps de r\u00e9cup\u00e9ration<\/p>\r\n<p>Le\u00e7on 2 &#8211; La s\u00e9ance d&#8217;entra\u00eenement: orientation des exercices et r\u00e9partition des s\u00e9ances<\/p>\r\n<p>MODULE 7 &#8211;<br \/>L&#8217;application des m\u00e9thodes d&#8217;entra\u00eenement<\/p>\r\n<p>Le\u00e7on 1 &#8211; Les adaptations physiologiques \u00e0 l&#8217;entra\u00eenement<\/p>\r\n<p>Le\u00e7on 2 &#8211; Les m\u00e9thodes d&#8217;entra\u00eenement: m\u00e9thodes isom\u00e9triques, excentriques, concentriques, balistiques, pliom\u00e9triques<\/p>\r\n<p>Le\u00e7on 3 &#8211; L&#8217;entrainement des fili\u00e8res \u00e9nerg\u00e9tiques<\/p>\r\n<p>MODULE 8 &#8211;<br \/>Les fondements de la p\u00e9riodisation<\/p>\r\n<p>Le\u00e7on 1 &#8211; Les principes de l&#8217;entra\u00eenement et de la p\u00e9riodisation<\/p>\r\n<p>Le\u00e7on 2 &#8211; Les unit\u00e9s structurelles de la p\u00e9riodisation : s\u00e9ance d&#8217;entra\u00eenement, microcyle, mesocyle, macrocycle<\/p>\r\n<p>MODULE 9 &#8211;<br \/>Concepts nutritionnels en entra\u00eenement<\/p>\r\n<p>Le\u00e7on 1 &#8211; Bases de la nutrition en entra\u00eenement: macronutrients, micronutrients, balance \u00e9nerg\u00e9tique<\/p>\r\n<p>Le\u00e7on 2 &#8211; Suppl\u00e9mentation en entra\u00eenement<\/p>\r\n<p>Le\u00e7on 3 &#8211; Consid\u00e9rations en entra\u00eenement et nutrition pour la perte de poids<\/p>\r\n<p>Le\u00e7on 4 &#8211; Consid\u00e9rations en entra\u00eenement et nutrition pour l&#8217;hypertrophie<\/p>\r\n<p>MODULE 10 &#8211;<br \/>L&#8217;entreprenariat en entra\u00eenement priv\u00e9<\/p>\r\n<p>Le\u00e7on 1 &#8211; Trouver son WHY et d\u00e9velopper sa marque<\/p>\r\n<p>Le\u00e7on 2 &#8211; Le parcours client<\/p>\r\n<p>Le\u00e7on 3 -M\u00e9dias sociaux et marketing<\/p>\r\n<p>MODULE 11 &#8211;<br \/>L&#8217;art du coaching<\/p>\r\n<p>Le\u00e7on 1 &#8211; Profil et psychologie du client<\/p>\r\n<p>Le\u00e7on 2 &#8211; \u00c9valuation et prise en charge en entra\u00eenement priv\u00e9<\/p>\r\n<p>Le\u00e7on 3 &#8211; L&#8217;entra\u00eenement en ligne<\/p>\r\n<p>Le\u00e7on 3B &#8211; Hexfit: Le logiciel de suivi pour les professionnels de l&#8217;activit\u00e9 physique<\/p>\r\n<p>MODULE 12 &#8211;<br \/>Examen final et certificat<\/p>\r\n<p>Le\u00e7on 1 &#8211; \u00c0 propos de l&#8217;examen<\/p>\r\n<p>Examen &#8211; Examen final en ligne (40 questions)<\/p>\r\n<p><img loading=\"lazy\" decoding=\"async\" title=\"FSA-CertificationPriveQc_ProgrammeEN\" src=\"https:\/\/staging.functional-strength.academy\/wp-content\/uploads\/2023\/12\/FSA-CertificationPriveQc_ProgrammeEN.png\" alt=\"FSA-CertificationPriveQc_ProgrammeEN\" width=\"800\" height=\"1149\" \/><\/p>\r\n<h2>Pourquoi d\u00e9buter une carri\u00e8re dans le domaine de l&#8217;entra\u00eenement?<\/h2>\r\n<ul>\r\n<li><img decoding=\"async\" role=\"presentation\" src=\"https:\/\/staging.functional-strength.academy\/wp-content\/uploads\/2022\/11\/checked-list.png\" alt=\"checked-list\" \/>\r\n<h3>VIVRE DE VOTRE PASSION<\/h3>\r\n<p>Soyez passionn\u00e9 par ce que vous faites tout en progressant et en vous am\u00e9liorant<\/p>\r\n<\/li>\r\n<li><img decoding=\"async\" role=\"presentation\" src=\"https:\/\/staging.functional-strength.academy\/wp-content\/uploads\/2022\/11\/checked-list.png\" alt=\"checked-list\" \/>\r\n<h3>PROFITER D&#8217;UNE PROFESSION EN CROISSANCE<\/h3>\r\n<p>Occupez un r\u00f4le important dans le domaine de la sant\u00e9 : celui d&#8217;assurer que vos clients reprennent leur forme physique en main<\/p>\r\n<\/li>\r\n<li><img decoding=\"async\" role=\"presentation\" src=\"https:\/\/staging.functional-strength.academy\/wp-content\/uploads\/2022\/11\/checked-list.png\" alt=\"checked-list\" \/>\r\n<h3>FAIRE UNE DIFF\u00c9RENCE<\/h3>\r\n<p>Vous ferez la diff\u00e9rence dans la vie de vos clients en leur assurant une source de motivation, des conseils, et un programme personnalis\u00e9<\/p>\r\n<\/li>\r\n<li><img decoding=\"async\" role=\"presentation\" src=\"https:\/\/staging.functional-strength.academy\/wp-content\/uploads\/2022\/11\/checked-list.png\" alt=\"checked-list\" \/>\r\n<h3>AVOIR UN HORAIRE FLEXIBLE<\/h3>\r\n<p>Vous pourrez choisir les moments dans la journ\u00e9e qui vous conviennent le mieux pour prendre vos rendez-vous et rencontrer vos clients<\/p>\r\n<\/li>\r\n<li><img decoding=\"async\" role=\"presentation\" src=\"https:\/\/staging.functional-strength.academy\/wp-content\/uploads\/2022\/11\/checked-list.png\" alt=\"checked-list\" \/>\r\n<h3>FAIRE PARTIE D&#8217;UNE COMMUNAUT\u00c9 DE PASSIONN\u00c9S<\/h3>\r\n<p>Rencontrez d&#8217;autres passionn\u00e9s de l&#8217;entra\u00eenement et d\u00e9veloppez votre propre communaut\u00e9 pour inspirer vos pairs<\/p>\r\n<\/li>\r\n<\/ul>\r\n<p><a href=\"#inscription\" target=\"_self\" rel=\"noopener\"> JE D\u00c9BUTE MA NOUVELLE CARRI\u00c8RE <\/a> <img loading=\"lazy\" decoding=\"async\" title=\"20231203_153115\" src=\"https:\/\/staging.functional-strength.academy\/wp-content\/uploads\/2023\/12\/20231203_153115-1-scaled.jpg\" alt=\"20231203_153115\" width=\"1920\" height=\"2560\" \/> <img loading=\"lazy\" decoding=\"async\" title=\"TJA-CertificationRehab_Temoignage6FR\" src=\"https:\/\/staging.functional-strength.academy\/wp-content\/uploads\/2022\/11\/TJA-CertificationRehab_Temoignage6FR.gif\" alt=\"TJA-CertificationRehab_Temoignage6FR\" width=\"294\" height=\"294\" \/> <img loading=\"lazy\" decoding=\"async\" title=\"20231203_154557\" src=\"https:\/\/staging.functional-strength.academy\/wp-content\/uploads\/2023\/12\/20231203_154557-scaled.jpg\" alt=\"20231203_154557\" width=\"1920\" height=\"2560\" \/> <img loading=\"lazy\" decoding=\"async\" title=\"20231203_154353\" src=\"https:\/\/staging.functional-strength.academy\/wp-content\/uploads\/2023\/12\/20231203_154353-scaled.jpg\" alt=\"20231203_154353\" width=\"1920\" height=\"2560\" \/> <img loading=\"lazy\" decoding=\"async\" title=\"20231203_153645\" src=\"https:\/\/staging.functional-strength.academy\/wp-content\/uploads\/2023\/12\/20231203_153645-scaled.jpg\" alt=\"20231203_153645\" width=\"1920\" height=\"2560\" \/> <img loading=\"lazy\" decoding=\"async\" title=\"LOGO_FOND_BLANC\" src=\"https:\/\/staging.functional-strength.academy\/wp-content\/uploads\/2023\/12\/LOGO_FOND_BLANC.png\" alt=\"LOGO_FOND_BLANC\" width=\"1037\" height=\"1038\" \/> <img loading=\"lazy\" decoding=\"async\" title=\"20231203_153331\" src=\"https:\/\/staging.functional-strength.academy\/wp-content\/uploads\/2023\/12\/20231203_153331-scaled.jpg\" alt=\"20231203_153331\" width=\"1920\" height=\"2560\" \/> <img loading=\"lazy\" decoding=\"async\" title=\"TJA-CertificationRehab_Temoignage4FR\" src=\"https:\/\/staging.functional-strength.academy\/wp-content\/uploads\/2022\/11\/TJA-CertificationRehab_Temoignage4FR.gif\" alt=\"TJA-CertificationRehab_Temoignage4FR\" width=\"294\" height=\"294\" \/> <img loading=\"lazy\" decoding=\"async\" title=\"20231203_153016\" src=\"https:\/\/staging.functional-strength.academy\/wp-content\/uploads\/2023\/12\/20231203_153016-scaled.jpg\" alt=\"20231203_153016\" width=\"1920\" height=\"2560\" \/> <img loading=\"lazy\" decoding=\"async\" title=\"TJA-CertificationRehab_Temoignage2FR\" src=\"https:\/\/staging.functional-strength.academy\/wp-content\/uploads\/2022\/11\/TJA-CertificationRehab_Temoignage2FR.gif\" alt=\"TJA-CertificationRehab_Temoignage2FR\" width=\"294\" height=\"294\" \/> <img loading=\"lazy\" decoding=\"async\" title=\"20231203_154400\" src=\"https:\/\/staging.functional-strength.academy\/wp-content\/uploads\/2023\/12\/20231203_154400-scaled.jpg\" alt=\"20231203_154400\" width=\"1920\" height=\"2560\" \/> <img loading=\"lazy\" decoding=\"async\" title=\"FSA-Accueil-WebinaireEntrainement1\" src=\"https:\/\/staging.functional-strength.academy\/wp-content\/uploads\/2023\/12\/FSA-Accueil-WebinaireEntrainement1.png\" alt=\"FSA-Accueil-WebinaireEntrainement1\" width=\"877\" height=\"734\" \/><\/p>\r\n<h2><a href=\"https:\/\/event.webinarjam.com\/go\/replay\/78\/9p98qbwkczk0an21wa7\" target=\"_blank\" rel=\"noopener\"> Passionn\u00e9 de l&#8217;entra\u00eenement, fais de ta passion ta profession <\/a><\/h2>\r\n<p>Webinaire gratuit pour les passionn\u00e9s qui veulent devenir entra\u00eeneurs priv\u00e9s<\/p>\r\n<p><a href=\"https:\/\/staging.functional-strength.academy\/fr\/webinaire-gratuit\/\" target=\"_blank\" rel=\"noopener\"> EN SAVOIR PLUS <\/a><\/p>\r\n<h3>100% EN LIGNE Certification Entra\u00eeneur Priv\u00e9<\/h3>\r\n<ul>\r\n<li><img decoding=\"async\" role=\"presentation\" src=\"https:\/\/staging.functional-strength.academy\/wp-content\/uploads\/2022\/11\/checked-list.png\" alt=\"checked-list\" \/>\r\n<p><strong>Type de formation<\/strong> 100% en ligne et \u00e0 ton propre rythme (acc\u00e8s \u00e0 vie)<\/p>\r\n<\/li>\r\n<li><img decoding=\"async\" role=\"presentation\" src=\"https:\/\/staging.functional-strength.academy\/wp-content\/uploads\/2022\/11\/checked-list.png\" alt=\"checked-list\" \/> <strong>Format<\/strong> 50 heures vid\u00e9o + Q&amp;A en direct<br \/>*enregistrement disponible et acc\u00e8s \u00e0 vie<\/li>\r\n<li><img decoding=\"async\" role=\"presentation\" src=\"https:\/\/staging.functional-strength.academy\/wp-content\/uploads\/2022\/11\/checked-list.png\" alt=\"checked-list\" \/>\r\n<p><strong>Acquis suite \u00e0 la formation<\/strong> Certificat Entra\u00eeneur priv\u00e9<\/p>\r\n<\/li>\r\n<\/ul>\r\n<h3>OPTION 1 1 paiement unique<\/h3>\r\n<p><strong> 997 $ CAD<br \/><\/strong> <a href=\"fr\/paiement\/?clear-cart&amp;add-to-cart=18046\" target=\"_self\" rel=\"noopener\"> ACHETER <\/a><\/p>\r\n<h3>OPTION 2 3 paiements<\/h3>\r\n<p><strong> 3 x 333 $ CAD<br \/><\/strong> <a href=\"fr\/paiement\/?clear-cart&amp;add-to-cart=18049\" target=\"_self\" rel=\"noopener\"> ACHETER <\/a> <img loading=\"lazy\" decoding=\"async\" title=\"TJA-BadgeFRGarantieBlanc\" src=\"https:\/\/staging.functional-strength.academy\/wp-content\/uploads\/2024\/01\/TJA-BadgeFRGarantieBlanc.png\" alt=\"TJA-BadgeFRGarantieBlanc\" width=\"3002\" height=\"3002\" \/><\/p>\r\n<h2>Garantie satisfaction 100%<\/h2>\r\n<p>Au terme de la certification, si tu n&#8217;es pas confiant d&#8217;avoir acquis le savoir-faire pour accompagner tes premiers clients, nous te rembourseront.<\/p>\r\n<h2>FAQs<\/h2>\r\n<p>\u00c0 QUI S&#8217;ADRESSE CETTE FORMATION?<\/p>\r\n<p>Cette formation a \u00e9t\u00e9 con\u00e7ue pour les passionn\u00e9s de l&#8217;entra\u00eenement souhaitant devenir un entra\u00eeneur qualifi\u00e9 qui se d\u00e9marque dans le domaine en ma\u00eetrisant les fondements de l&#8217;entra\u00eenement et la conception de programmes personnalis\u00e9s.<\/p>\r\n<p>Elle est \u00e9galement appropri\u00e9e pour les professionnels de la sant\u00e9 souhaitant apprendre comment concevoir des programmes d&#8217;entra\u00eenement pour r\u00e9pondre aux besoins de leur patients.<\/p>\r\n<p>QUELS SONT LES PR\u00c9-REQUIS?<\/p>\r\n<p>Il n&#8217;y a aucun pr\u00e9-requis pour cette formation. Toutefois, tous les participants doivent s&#8217;engager \u00e0 \u00eatre s\u00e9rieux et motiv\u00e9s dans leur cheminement.<\/p>\r\n<p>QUELLES SONT LES MODALIT\u00c9S DE SUIVIS ET D&#8217;\u00c9VALUATIONS?<\/p>\r\n<p>FORMATION EN LIGNE:<br \/>Les formations en ligne sont accessible en tout temps pour les visionner \u00e0 votre convenance. Vous avez \u00e9galement acc\u00e8s \u00e0 vie.<\/p>\r\n<p>RENCONTRES Q&amp;A:<br \/>Des rencontres Q&amp;A bi-hebdomadaires seront offertes tout au long du parcours afin de vous offrir le support n\u00e9cessaire. (Enregistrements disponibles)<\/p>\r\n<p>\u00c9VALUATION ET CERTIFICATION:<br \/>Lors de l&#8217;examen final en ligne, vos nouvelles comp\u00e9tences seront \u00e9valu\u00e9es et vous obtiendrez votre certification d&#8217;entra\u00eeneur priv\u00e9.<\/p>\r\n","protected":false},"excerpt":{"rendered":"<p>CERTIFICATION POUR DEVENIR ENTRA\u00ceNEUR PRIV\u00c9 TU ES PASSIONN\u00c9 PAR L&#8217;ENTRA\u00ceNEMENT ET TU VEUX FAIRE CARRI\u00c8RE DANS LE DOMAINE? OUI! JE VEUX DEVENIR UN ENTRA\u00ceNEUR QUALIFI\u00c9&hellip;<\/p>\n","protected":false},"author":81,"featured_media":16783,"parent":0,"menu_order":0,"comment_status":"closed","ping_status":"closed","template":"page-fullwidth-content.php","meta":{"_acf_changed":false,"inline_featured_image":false,"footnotes":""},"class_list":["post-18066","page","type-page","status-publish","has-post-thumbnail","hentry"],"acf":[],"_links":{"self":[{"href":"https:\/\/staging.functional-strength.academy\/fr\/wp-json\/wp\/v2\/pages\/18066","targetHints":{"allow":["GET"]}}],"collection":[{"href":"https:\/\/staging.functional-strength.academy\/fr\/wp-json\/wp\/v2\/pages"}],"about":[{"href":"https:\/\/staging.functional-strength.academy\/fr\/wp-json\/wp\/v2\/types\/page"}],"author":[{"embeddable":true,"href":"https:\/\/staging.functional-strength.academy\/fr\/wp-json\/wp\/v2\/users\/81"}],"replies":[{"embeddable":true,"href":"https:\/\/staging.functional-strength.academy\/fr\/wp-json\/wp\/v2\/comments?post=18066"}],"version-history":[{"count":4,"href":"https:\/\/staging.functional-strength.academy\/fr\/wp-json\/wp\/v2\/pages\/18066\/revisions"}],"predecessor-version":[{"id":19712,"href":"https:\/\/staging.functional-strength.academy\/fr\/wp-json\/wp\/v2\/pages\/18066\/revisions\/19712"}],"wp:featuredmedia":[{"embeddable":true,"href":"https:\/\/staging.functional-strength.academy\/fr\/wp-json\/wp\/v2\/media\/16783"}],"wp:attachment":[{"href":"https:\/\/staging.functional-strength.academy\/fr\/wp-json\/wp\/v2\/media?parent=18066"}],"curies":[{"name":"wp","href":"https:\/\/api.w.org\/{rel}","templated":true}]}}